{"id":410,"date":"2023-08-22T07:36:02","date_gmt":"2023-08-22T05:36:02","guid":{"rendered":"https:\/\/www.lights.de\/?page_id=410"},"modified":"2024-10-15T15:28:03","modified_gmt":"2024-10-15T13:28:03","slug":"karriere","status":"publish","type":"page","link":"https:\/\/www.lights.de\/en\/unternehmen\/karriere\/","title":{"rendered":"Career"},"content":{"rendered":"<div data-elementor-type=\"wp-page\" data-elementor-id=\"410\" class=\"elementor elementor-410\" data-elementor-post-type=\"page\">\n\t\t\t\t<div class=\"elementor-element elementor-element-057240a e-flex e-con-boxed e-con e-parent\" data-id=\"057240a\" data-element_type=\"container\" data-e-type=\"container\" data-settings=\"{&quot;background_background&quot;:&quot;classic&quot;}\">\n\t\t\t\t\t<div class=\"e-con-inner\">\n\t\t<div class=\"elementor-element elementor-element-e29a856 e-flex e-con-boxed e-con e-child\" data-id=\"e29a856\" data-element_type=\"container\" data-e-type=\"container\">\n\t\t\t\t\t<div class=\"e-con-inner\">\n\t\t\t\t<div class=\"elementor-element elementor-element-e778cf2 animated-slow elementor-invisible elementor-widget elementor-widget-heading\" data-id=\"e778cf2\" data-element_type=\"widget\" data-e-type=\"widget\" data-settings=\"{&quot;_animation&quot;:&quot;fadeIn&quot;,&quot;_animation_delay&quot;:500}\" data-widget_type=\"heading.default\">\n\t\t\t\t<div class=\"elementor-widget-container\">\n\t\t\t\t\t<h2 class=\"elementor-heading-title elementor-size-default\">Career<\/h2>\t\t\t\t<\/div>\n\t\t\t\t<\/div>\n\t\t\t\t<div class=\"elementor-element elementor-element-f51a3c3 animated-slow elementor-invisible elementor-widget elementor-widget-heading\" data-id=\"f51a3c3\" data-element_type=\"widget\" data-e-type=\"widget\" data-settings=\"{&quot;_animation&quot;:&quot;fadeIn&quot;,&quot;_animation_delay&quot;:1000}\" data-widget_type=\"heading.default\">\n\t\t\t\t<div class=\"elementor-widget-container\">\n\t\t\t\t\t<h2 class=\"elementor-heading-title elementor-size-default\">Together we create a brighter future.<\/h2>\t\t\t\t<\/div>\n\t\t\t\t<\/div>\n\t\t\t\t\t<\/div>\n\t\t\t\t<\/div>\n\t\t\t\t\t<\/div>\n\t\t\t\t<\/div>\n\t\t<div class=\"elementor-element elementor-element-c4463ab e-flex e-con-boxed e-con e-parent\" data-id=\"c4463ab\" data-element_type=\"container\" data-e-type=\"container\">\n\t\t\t\t\t<div class=\"e-con-inner\">\n\t\t\t\t<div class=\"elementor-element elementor-element-a3b442c animated-slow elementor-invisible elementor-widget elementor-widget-heading\" data-id=\"a3b442c\" data-element_type=\"widget\" data-e-type=\"widget\" data-settings=\"{&quot;_animation&quot;:&quot;fadeIn&quot;,&quot;_animation_delay&quot;:1000}\" data-widget_type=\"heading.default\">\n\t\t\t\t<div class=\"elementor-widget-container\">\n\t\t\t\t\t<h2 class=\"elementor-heading-title elementor-size-default\">Discover your bright future at LIGHTS!<\/h2>\t\t\t\t<\/div>\n\t\t\t\t<\/div>\n\t\t\t\t<div class=\"elementor-element elementor-element-362efae animated-slow elementor-invisible elementor-widget elementor-widget-text-editor\" data-id=\"362efae\" data-element_type=\"widget\" data-e-type=\"widget\" data-settings=\"{&quot;_animation_delay&quot;:1000,&quot;_animation&quot;:&quot;fadeIn&quot;}\" data-widget_type=\"text-editor.default\">\n\t\t\t\t<div class=\"elementor-widget-container\">\n\t\t\t\t\t\t\t\t\t<p>We look forward to welcoming you as part of our dedicated team at LIGHTS 4 Europe GmbH &amp; Co. KG. At our company, we firmly believe that the right lighting has a decisive influence on the working environment and efficiency in industry. If you have a passion for innovative technologies and are looking for a career in a forward-thinking, enduring field, then you've come to the right place.<\/p><p><strong>Here are some reasons why you should choose a career with us:<\/strong><\/p><ol><li><p><strong>Innovation and technology leadership<\/strong>: LIGHTS 4 Europe is a pioneer in the innovation of lighting solutions. Our dedicated lighting experts are continuously working to create lighting systems that set the standards in the industry.<\/p><\/li><li><p><strong>Impact on the working environment<\/strong>: With us, you have the opportunity to create lighting systems that make workplaces safer and more pleasant. Your work will have a direct impact on the productivity and well-being of people in a wide variety of areas.<\/p><\/li><li><p><strong>Sustainability and environmental protection:<\/strong>\u00a0LIGHTS 4 Europe is actively committed to sustainable lighting solutions. By becoming part of our team, you will help to reduce our environmental impact and create a more sustainable future.<\/p><\/li><li><p><strong>Diverse career opportunities<\/strong>: We offer a wide range of career opportunities, be it in product innovation, sales, project management or research. With us, you can develop your skills and grow in a dynamic environment.<\/p><\/li><li><p><strong>An inspiring team:<\/strong>\u00a0We are proud of our dedicated and motivated team who work together on projects that make a real difference. Here you will be supported by experts and have the opportunity to learn from the best.<\/p><\/li><\/ol><p>If you are passionate about creating innovative lighting solutions and are looking for a career in a long-established company, we look forward to meeting you.<\/p><p>In our search for qualified personnel, we rely on our strong partner: <a href=\"http:\/\/www.mpire.gmbh\" target=\"_blank\" rel=\"noopener\"><span style=\"color: #000080;\"><span style=\"text-decoration: underline;\">Mpire GmbH<\/span><\/span><\/a>.<\/p>\t\t\t\t\t\t\t\t<\/div>\n\t\t\t\t<\/div>\n\t\t<div class=\"elementor-element elementor-element-ed1746b e-grid e-con-boxed e-con e-child\" data-id=\"ed1746b\" data-element_type=\"container\" data-e-type=\"container\">\n\t\t\t\t\t<div class=\"e-con-inner\">\n\t\t\t\t<div class=\"elementor-element elementor-element-30ac064 elementor-widget elementor-widget-text-editor\" data-id=\"30ac064\" data-element_type=\"widget\" data-e-type=\"widget\" data-widget_type=\"text-editor.default\">\n\t\t\t\t<div class=\"elementor-widget-container\">\n\t\t\t\t\t\t\t\t\t<p>Within our group of companies, Mpire is also responsible for the applicant management of LIGHTS 4 EUROPE GmbH &amp; CO. KG.\u00a0\u00a0<\/p><p>Below you will find the vacancies for the entire group of companies.<\/p><p>We look forward to receiving your application!<\/p>\t\t\t\t\t\t\t\t<\/div>\n\t\t\t\t<\/div>\n\t\t\t\t<div class=\"elementor-element elementor-element-01602ad elementor-widget elementor-widget-image\" data-id=\"01602ad\" data-element_type=\"widget\" data-e-type=\"widget\" data-widget_type=\"image.default\">\n\t\t\t\t<div class=\"elementor-widget-container\">\n\t\t\t\t\t\t\t\t\t\t\t\t\t\t\t<img fetchpriority=\"high\" decoding=\"async\" width=\"800\" height=\"458\" src=\"https:\/\/www.lights.de\/wp-content\/uploads\/2023\/10\/Mpire_Logo_Transparent.png\" class=\"attachment-large size-large wp-image-2548\" alt=\"\" srcset=\"https:\/\/www.lights.de\/wp-content\/uploads\/2023\/10\/Mpire_Logo_Transparent.png 827w, https:\/\/www.lights.de\/wp-content\/uploads\/2023\/10\/Mpire_Logo_Transparent-300x172.png 300w, https:\/\/www.lights.de\/wp-content\/uploads\/2023\/10\/Mpire_Logo_Transparent-768x439.png 768w\" sizes=\"(max-width: 800px) 100vw, 800px\" \/>\t\t\t\t\t\t\t\t\t\t\t\t\t\t\t<\/div>\n\t\t\t\t<\/div>\n\t\t\t\t\t<\/div>\n\t\t\t\t<\/div>\n\t\t\t\t\t<\/div>\n\t\t\t\t<\/div>\n\t\t<div class=\"elementor-element elementor-element-4fe5467 e-flex e-con-boxed e-con e-parent\" data-id=\"4fe5467\" data-element_type=\"container\" data-e-type=\"container\">\n\t\t\t\t\t<div class=\"e-con-inner\">\n\t\t\t\t<div class=\"elementor-element elementor-element-e9045c7 elementor-widget elementor-widget-html\" data-id=\"e9045c7\" data-element_type=\"widget\" data-e-type=\"widget\" data-widget_type=\"html.default\">\n\t\t\t\t<div class=\"elementor-widget-container\">\n\t\t\t\t\t<iframe src=\"https:\/\/mpire.jobs.personio.de\" title=\"Jobs\" height=\"1500px\"><\/iframe>\t\t\t\t<\/div>\n\t\t\t\t<\/div>\n\t\t\t\t\t<\/div>\n\t\t\t\t<\/div>\n\t\t\t\t<\/div>","protected":false},"excerpt":{"rendered":"<p>Karriere Wir erschaffen zusammen eine strahlende Zukunft. Entdecken Sie Ihre strahlende Zukunft bei LIGHTS! Wir freuen uns, Sie als Teil unseres engagierten Teams bei LIGHTS 4 Europe GmbH &amp; Co. KG begr\u00fc\u00dfen zu d\u00fcrfen. In unserem Unternehmen sind wir fest davon \u00fcberzeugt, dass die richtige Beleuchtung einen entscheidenden Einfluss auf die Arbeitsumgebung und die Effizienz [&hellip;]<\/p>\n","protected":false},"author":3,"featured_media":0,"parent":29,"menu_order":13,"comment_status":"closed","ping_status":"closed","template":"elementor_header_footer","meta":{"footnotes":""},"class_list":["post-410","page","type-page","status-publish","hentry"],"_links":{"self":[{"href":"https:\/\/www.lights.de\/en\/wp-json\/wp\/v2\/pages\/410","targetHints":{"allow":["GET"]}}],"collection":[{"href":"https:\/\/www.lights.de\/en\/wp-json\/wp\/v2\/pages"}],"about":[{"href":"https:\/\/www.lights.de\/en\/wp-json\/wp\/v2\/types\/page"}],"author":[{"embeddable":true,"href":"https:\/\/www.lights.de\/en\/wp-json\/wp\/v2\/users\/3"}],"replies":[{"embeddable":true,"href":"https:\/\/www.lights.de\/en\/wp-json\/wp\/v2\/comments?post=410"}],"version-history":[{"count":63,"href":"https:\/\/www.lights.de\/en\/wp-json\/wp\/v2\/pages\/410\/revisions"}],"predecessor-version":[{"id":6110,"href":"https:\/\/www.lights.de\/en\/wp-json\/wp\/v2\/pages\/410\/revisions\/6110"}],"up":[{"embeddable":true,"href":"https:\/\/www.lights.de\/en\/wp-json\/wp\/v2\/pages\/29"}],"wp:attachment":[{"href":"https:\/\/www.lights.de\/en\/wp-json\/wp\/v2\/media?parent=410"}],"curies":[{"name":"wp","href":"https:\/\/api.w.org\/{rel}","templated":true}]}}